{"id":9524,"date":"2022-11-17T14:51:00","date_gmt":"2022-11-17T13:51:00","guid":{"rendered":"https:\/\/www.caman.swiss\/shop\/s-rig-arm\/"},"modified":"2023-01-05T07:52:46","modified_gmt":"2023-01-05T06:52:46","slug":"s-rig-arm","status":"publish","type":"product","link":"https:\/\/www.caman.swiss\/fr\/shop\/s-rig-arm\/","title":{"rendered":"S RIG ARM"},"content":{"rendered":"","protected":false},"excerpt":{"rendered":"<p>Le S RIG ARM est une bonne solution pour fixer une cam\u00e9ra directement au dessus de la poign\u00e9e.<\/p>\n<p>Il vous permet de changer facilement la position de la poign\u00e9e, d&rsquo;un simple geste, gr\u00e2ce aux deux articulations qui utilisent le syst\u00e8me de friction Caman.<\/p>\n<p>Le S RIG ARM inclut:<\/p>\n<ul>\n<li>1 bras rig<\/li>\n<li>2 poign\u00e9es de serrage d\u00e9brayables<\/li>\n<li>2 rosettes de friction<\/li>\n<\/ul>\n<p>Le S RIG ARM peut \u00eatre utilis\u00e9 avec avec le plateau de la S GRIP PRO.<\/p>\n<p>Il peut \u00e9galement \u00eatre mont\u00e9 sur un syst\u00e8me avec des rosettes Arri filet\u00e9es.<\/p>\n","protected":false},"featured_media":9487,"template":"","meta":{"inline_featured_image":false},"product_brand":[],"product_cat":[345],"product_tag":[],"class_list":{"0":"post-9524","1":"product","2":"type-product","3":"status-publish","4":"has-post-thumbnail","6":"product_cat-caman-fr","8":"first","9":"instock","10":"taxable","11":"shipping-taxable","12":"purchasable","13":"product-type-simple"},"bundled_by":[],"bundle_stock_status":"instock","bundle_stock_quantity":null,"bundle_virtual":false,"bundle_layout":"","bundle_add_to_cart_form_location":"","bundle_editable_in_cart":false,"bundle_sold_individually_context":"","bundle_item_grouping":"","bundle_min_size":"","bundle_max_size":"","bundle_price":[],"bundled_items":[],"bundle_sell_ids":[],"yoast_head":"<!-- This site is optimized with the Yoast SEO Premium plugin v26.4 (Yoast SEO v26.4) - https:\/\/yoast.com\/wordpress\/plugins\/seo\/ -->\n<title>Caman S RIG ARM\u00a0|\u00a0Accessoires pour cam\u00e9ras<\/title>\n<meta name=\"description\" content=\"Le S RIG ARM est un bras articul\u00e9 par friction : pas besoin de d\u00e9visser pour le bouger! Accessoire de la Caman S GRIP PRO.\" \/>\n<meta name=\"robots\" content=\"index, follow, max-snippet:-1, max-image-preview:large, max-video-preview:-1\" \/>\n<link rel=\"canonical\" href=\"https:\/\/www.caman.swiss\/fr\/shop\/s-rig-arm\/\" \/>\n<meta property=\"og:locale\" content=\"fr_FR\" \/>\n<meta property=\"og:type\" content=\"article\" \/>\n<meta property=\"og:title\" content=\"Caman S RIG ARM\u00a0|\u00a0Accessoires pour cam\u00e9ras\" \/>\n<meta property=\"og:description\" content=\"Ce bras et un bon choix pour monter une cam\u00e9ra directement sur la poign\u00e9e S GRIP PRO. Articul\u00e9 par friction, changez facilement la position de la poign\u00e9e.\" \/>\n<meta property=\"og:url\" content=\"https:\/\/www.caman.swiss\/fr\/shop\/s-rig-arm\/\" \/>\n<meta property=\"og:site_name\" content=\"Caman\" \/>\n<meta property=\"article:publisher\" content=\"https:\/\/www.facebook.com\/Caman.Swiss\" \/>\n<meta property=\"article:modified_time\" content=\"2023-01-05T06:52:46+00:00\" \/>\n<meta property=\"og:image\" content=\"https:\/\/www.caman.swiss\/wp-content\/uploads\/2022\/11\/S-RIG-ARM-3D.jpg\" \/>\n\t<meta property=\"og:image:width\" content=\"1200\" \/>\n\t<meta property=\"og:image:height\" content=\"1200\" \/>\n\t<meta property=\"og:image:type\" content=\"image\/jpeg\" \/>\n<meta name=\"twitter:card\" content=\"summary_large_image\" \/>\n<meta name=\"twitter:title\" content=\"S RIG ARM\" \/>\n<meta name=\"twitter:description\" content=\"Le S RIG ARM est une bonne solution pour fixer une cam\u00e9ra directement au dessus de la poign\u00e9e. Il vous permet de changer facilement la position de la poign\u00e9e, d&#039;un simple geste, gr\u00e2ce aux deux articulations qui utilisent le syst\u00e8me de friction Caman. Le S RIG ARM inclut:  1 bras rig 2 poign\u00e9es de serrage d\u00e9brayables 2 rosettes de friction  Le S RIG ARM peut \u00eatre utilis\u00e9 avec avec le plateau de la S GRIP PRO. Il peut \u00e9galement \u00eatre mont\u00e9 sur un syst\u00e8me avec des rosettes Arri filet\u00e9es.\" \/>\n<meta name=\"twitter:site\" content=\"@CamanSwiss\" \/>\n<script type=\"application\/ld+json\" class=\"yoast-schema-graph\">{\"@context\":\"https:\/\/schema.org\",\"@graph\":[{\"@type\":\"WebPage\",\"@id\":\"https:\/\/www.caman.swiss\/fr\/shop\/s-rig-arm\/\",\"url\":\"https:\/\/www.caman.swiss\/fr\/shop\/s-rig-arm\/\",\"name\":\"Caman S RIG ARM\u00a0|\u00a0Accessoires pour cam\u00e9ras\",\"isPartOf\":{\"@id\":\"https:\/\/www.caman.swiss\/fr\/#website\"},\"primaryImageOfPage\":{\"@id\":\"https:\/\/www.caman.swiss\/fr\/shop\/s-rig-arm\/#primaryimage\"},\"image\":{\"@id\":\"https:\/\/www.caman.swiss\/fr\/shop\/s-rig-arm\/#primaryimage\"},\"thumbnailUrl\":\"https:\/\/www.caman.swiss\/wp-content\/uploads\/2022\/11\/S-RIG-ARM-3D.jpg\",\"datePublished\":\"2022-11-17T13:51:00+00:00\",\"dateModified\":\"2023-01-05T06:52:46+00:00\",\"description\":\"Le S RIG ARM est un bras articul\u00e9 par friction : pas besoin de d\u00e9visser pour le bouger! Accessoire de la Caman S GRIP PRO.\",\"breadcrumb\":{\"@id\":\"https:\/\/www.caman.swiss\/fr\/shop\/s-rig-arm\/#breadcrumb\"},\"inLanguage\":\"fr-FR\",\"potentialAction\":[{\"@type\":\"ReadAction\",\"target\":[\"https:\/\/www.caman.swiss\/fr\/shop\/s-rig-arm\/\"]}]},{\"@type\":\"ImageObject\",\"inLanguage\":\"fr-FR\",\"@id\":\"https:\/\/www.caman.swiss\/fr\/shop\/s-rig-arm\/#primaryimage\",\"url\":\"https:\/\/www.caman.swiss\/wp-content\/uploads\/2022\/11\/S-RIG-ARM-3D.jpg\",\"contentUrl\":\"https:\/\/www.caman.swiss\/wp-content\/uploads\/2022\/11\/S-RIG-ARM-3D.jpg\",\"width\":1200,\"height\":1200},{\"@type\":\"BreadcrumbList\",\"@id\":\"https:\/\/www.caman.swiss\/fr\/shop\/s-rig-arm\/#breadcrumb\",\"itemListElement\":[{\"@type\":\"ListItem\",\"position\":1,\"name\":\"Accueil\",\"item\":\"https:\/\/www.caman.swiss\/fr\/\"},{\"@type\":\"ListItem\",\"position\":2,\"name\":\"Shop\",\"item\":\"https:\/\/www.caman.swiss\/shop\/\"},{\"@type\":\"ListItem\",\"position\":3,\"name\":\"S RIG ARM\"}]},{\"@type\":\"WebSite\",\"@id\":\"https:\/\/www.caman.swiss\/fr\/#website\",\"url\":\"https:\/\/www.caman.swiss\/fr\/\",\"name\":\"Caman.Swiss\",\"description\":\"Handle it!\",\"publisher\":{\"@id\":\"https:\/\/www.caman.swiss\/fr\/#organization\"},\"potentialAction\":[{\"@type\":\"SearchAction\",\"target\":{\"@type\":\"EntryPoint\",\"urlTemplate\":\"https:\/\/www.caman.swiss\/fr\/?s={search_term_string}\"},\"query-input\":{\"@type\":\"PropertyValueSpecification\",\"valueRequired\":true,\"valueName\":\"search_term_string\"}}],\"inLanguage\":\"fr-FR\"},{\"@type\":\"Organization\",\"@id\":\"https:\/\/www.caman.swiss\/fr\/#organization\",\"name\":\"Caman.Swiss\",\"alternateName\":\"CameraTools Ltd (Switzerland)\",\"url\":\"https:\/\/www.caman.swiss\/fr\/\",\"logo\":{\"@type\":\"ImageObject\",\"inLanguage\":\"fr-FR\",\"@id\":\"https:\/\/www.caman.swiss\/fr\/#\/schema\/logo\/image\/\",\"url\":\"https:\/\/www.caman.swiss\/wp-content\/uploads\/2022\/12\/Logo_Caman_noir_137px.svg\",\"contentUrl\":\"https:\/\/www.caman.swiss\/wp-content\/uploads\/2022\/12\/Logo_Caman_noir_137px.svg\",\"width\":\"1024\",\"height\":\"1024\",\"caption\":\"Caman.Swiss\"},\"image\":{\"@id\":\"https:\/\/www.caman.swiss\/fr\/#\/schema\/logo\/image\/\"},\"sameAs\":[\"https:\/\/www.facebook.com\/Caman.Swiss\",\"https:\/\/x.com\/CamanSwiss\",\"https:\/\/www.instagram.com\/Caman.Swiss\",\"https:\/\/www.linkedin.com\/company\/caman-swiss\/\",\"https:\/\/www.youtube.com\/channel\/UCMdqKvS3KJMB_f0sCmLTikg\"]}]}<\/script>\n<!-- \/ Yoast SEO Premium plugin. -->","yoast_head_json":{"title":"Caman S RIG ARM\u00a0|\u00a0Accessoires pour cam\u00e9ras","description":"Le S RIG ARM est un bras articul\u00e9 par friction : pas besoin de d\u00e9visser pour le bouger! Accessoire de la Caman S GRIP PRO.","robots":{"index":"index","follow":"follow","max-snippet":"max-snippet:-1","max-image-preview":"max-image-preview:large","max-video-preview":"max-video-preview:-1"},"canonical":"https:\/\/www.caman.swiss\/fr\/shop\/s-rig-arm\/","og_locale":"fr_FR","og_type":"article","og_title":"Caman S RIG ARM\u00a0|\u00a0Accessoires pour cam\u00e9ras","og_description":"Ce bras et un bon choix pour monter une cam\u00e9ra directement sur la poign\u00e9e S GRIP PRO. Articul\u00e9 par friction, changez facilement la position de la poign\u00e9e.","og_url":"https:\/\/www.caman.swiss\/fr\/shop\/s-rig-arm\/","og_site_name":"Caman","article_publisher":"https:\/\/www.facebook.com\/Caman.Swiss","article_modified_time":"2023-01-05T06:52:46+00:00","og_image":[{"width":1200,"height":1200,"url":"https:\/\/www.caman.swiss\/wp-content\/uploads\/2022\/11\/S-RIG-ARM-3D.jpg","type":"image\/jpeg"}],"twitter_card":"summary_large_image","twitter_title":"S RIG ARM","twitter_description":"Le S RIG ARM est une bonne solution pour fixer une cam\u00e9ra directement au dessus de la poign\u00e9e. Il vous permet de changer facilement la position de la poign\u00e9e, d'un simple geste, gr\u00e2ce aux deux articulations qui utilisent le syst\u00e8me de friction Caman. Le S RIG ARM inclut:  1 bras rig 2 poign\u00e9es de serrage d\u00e9brayables 2 rosettes de friction  Le S RIG ARM peut \u00eatre utilis\u00e9 avec avec le plateau de la S GRIP PRO. Il peut \u00e9galement \u00eatre mont\u00e9 sur un syst\u00e8me avec des rosettes Arri filet\u00e9es.","twitter_site":"@CamanSwiss","schema":{"@context":"https:\/\/schema.org","@graph":[{"@type":"WebPage","@id":"https:\/\/www.caman.swiss\/fr\/shop\/s-rig-arm\/","url":"https:\/\/www.caman.swiss\/fr\/shop\/s-rig-arm\/","name":"Caman S RIG ARM\u00a0|\u00a0Accessoires pour cam\u00e9ras","isPartOf":{"@id":"https:\/\/www.caman.swiss\/fr\/#website"},"primaryImageOfPage":{"@id":"https:\/\/www.caman.swiss\/fr\/shop\/s-rig-arm\/#primaryimage"},"image":{"@id":"https:\/\/www.caman.swiss\/fr\/shop\/s-rig-arm\/#primaryimage"},"thumbnailUrl":"https:\/\/www.caman.swiss\/wp-content\/uploads\/2022\/11\/S-RIG-ARM-3D.jpg","datePublished":"2022-11-17T13:51:00+00:00","dateModified":"2023-01-05T06:52:46+00:00","description":"Le S RIG ARM est un bras articul\u00e9 par friction : pas besoin de d\u00e9visser pour le bouger! Accessoire de la Caman S GRIP PRO.","breadcrumb":{"@id":"https:\/\/www.caman.swiss\/fr\/shop\/s-rig-arm\/#breadcrumb"},"inLanguage":"fr-FR","potentialAction":[{"@type":"ReadAction","target":["https:\/\/www.caman.swiss\/fr\/shop\/s-rig-arm\/"]}]},{"@type":"ImageObject","inLanguage":"fr-FR","@id":"https:\/\/www.caman.swiss\/fr\/shop\/s-rig-arm\/#primaryimage","url":"https:\/\/www.caman.swiss\/wp-content\/uploads\/2022\/11\/S-RIG-ARM-3D.jpg","contentUrl":"https:\/\/www.caman.swiss\/wp-content\/uploads\/2022\/11\/S-RIG-ARM-3D.jpg","width":1200,"height":1200},{"@type":"BreadcrumbList","@id":"https:\/\/www.caman.swiss\/fr\/shop\/s-rig-arm\/#breadcrumb","itemListElement":[{"@type":"ListItem","position":1,"name":"Accueil","item":"https:\/\/www.caman.swiss\/fr\/"},{"@type":"ListItem","position":2,"name":"Shop","item":"https:\/\/www.caman.swiss\/shop\/"},{"@type":"ListItem","position":3,"name":"S RIG ARM"}]},{"@type":"WebSite","@id":"https:\/\/www.caman.swiss\/fr\/#website","url":"https:\/\/www.caman.swiss\/fr\/","name":"Caman.Swiss","description":"Handle it!","publisher":{"@id":"https:\/\/www.caman.swiss\/fr\/#organization"},"potentialAction":[{"@type":"SearchAction","target":{"@type":"EntryPoint","urlTemplate":"https:\/\/www.caman.swiss\/fr\/?s={search_term_string}"},"query-input":{"@type":"PropertyValueSpecification","valueRequired":true,"valueName":"search_term_string"}}],"inLanguage":"fr-FR"},{"@type":"Organization","@id":"https:\/\/www.caman.swiss\/fr\/#organization","name":"Caman.Swiss","alternateName":"CameraTools Ltd (Switzerland)","url":"https:\/\/www.caman.swiss\/fr\/","logo":{"@type":"ImageObject","inLanguage":"fr-FR","@id":"https:\/\/www.caman.swiss\/fr\/#\/schema\/logo\/image\/","url":"https:\/\/www.caman.swiss\/wp-content\/uploads\/2022\/12\/Logo_Caman_noir_137px.svg","contentUrl":"https:\/\/www.caman.swiss\/wp-content\/uploads\/2022\/12\/Logo_Caman_noir_137px.svg","width":"1024","height":"1024","caption":"Caman.Swiss"},"image":{"@id":"https:\/\/www.caman.swiss\/fr\/#\/schema\/logo\/image\/"},"sameAs":["https:\/\/www.facebook.com\/Caman.Swiss","https:\/\/x.com\/CamanSwiss","https:\/\/www.instagram.com\/Caman.Swiss","https:\/\/www.linkedin.com\/company\/caman-swiss\/","https:\/\/www.youtube.com\/channel\/UCMdqKvS3KJMB_f0sCmLTikg"]}]}},"_links":{"self":[{"href":"https:\/\/www.caman.swiss\/fr\/wp-json\/wp\/v2\/product\/9524","targetHints":{"allow":["GET"]}}],"collection":[{"href":"https:\/\/www.caman.swiss\/fr\/wp-json\/wp\/v2\/product"}],"about":[{"href":"https:\/\/www.caman.swiss\/fr\/wp-json\/wp\/v2\/types\/product"}],"wp:featuredmedia":[{"embeddable":true,"href":"https:\/\/www.caman.swiss\/fr\/wp-json\/wp\/v2\/media\/9487"}],"wp:attachment":[{"href":"https:\/\/www.caman.swiss\/fr\/wp-json\/wp\/v2\/media?parent=9524"}],"wp:term":[{"taxonomy":"product_brand","embeddable":true,"href":"https:\/\/www.caman.swiss\/fr\/wp-json\/wp\/v2\/product_brand?post=9524"},{"taxonomy":"product_cat","embeddable":true,"href":"https:\/\/www.caman.swiss\/fr\/wp-json\/wp\/v2\/product_cat?post=9524"},{"taxonomy":"product_tag","embeddable":true,"href":"https:\/\/www.caman.swiss\/fr\/wp-json\/wp\/v2\/product_tag?post=9524"}],"curies":[{"name":"wp","href":"https:\/\/api.w.org\/{rel}","templated":true}]}}