{"id":9400,"date":"2022-11-17T08:59:37","date_gmt":"2022-11-17T07:59:37","guid":{"rendered":"https:\/\/www.caman.swiss\/shop\/s-grip-pro-poignee-de-controle-pour-camera-cinema-lanc\/"},"modified":"2023-09-26T17:10:56","modified_gmt":"2023-09-26T15:10:56","slug":"s-grip-pro-poignee-de-controle-pour-camera-cinema-lanc","status":"publish","type":"product","link":"https:\/\/www.caman.swiss\/fr\/shop\/s-grip-pro-poignee-de-controle-pour-camera-cinema-lanc\/","title":{"rendered":"S GRIP PRO"},"content":{"rendered":"<p><iframe loading=\"lazy\" title=\"Caman - T\u00e9moignage de Leandro Monti, chef op\u00e9rateur documentaire\" width=\"1120\" height=\"630\" src=\"https:\/\/www.youtube.com\/embed\/VMHRm1_5SQw?feature=oembed\" frameborder=\"0\" allow=\"accelerometer; autoplay; clipboard-write; encrypted-media; gyroscope; picture-in-picture; web-share\" allowfullscreen><\/iframe><\/p>\n<p><script src=\"moz-extension:\/\/734bd29e-97ea-42dc-9d55-36ee5c6f28e2\/injectedPasswordless.js\" type=\"text\/javascript\"><\/script><\/p>\n","protected":false},"excerpt":{"rendered":"<ul>\n<li>Acc\u00e8s \u00e0 toutes les fonctions cam\u00e9ra disponibles<\/li>\n<li>Boutons et joystick sensibles \u00e0 la pression<\/li>\n<li>Syst\u00e8me d&rsquo;ajustement des boutons brevet\u00e9<\/li>\n<li>Fonctionnalit\u00e9s personnalisables<\/li>\n<li>Rev\u00eatement silicone multicouches<\/li>\n<li>Forme ergonomique<\/li>\n<li>IP66 &#8211; R\u00e9sistance aux poussi\u00e8res et jets d&rsquo;eau<\/li>\n<li>Connexion filaire robuste et fiable<\/li>\n<li>Compatibilit\u00e9 avec les cam\u00e9ras LANC*<\/li>\n<li>Module \u00e9lectronique avec technologie Caman<\/li>\n<li>Bras de fixation avec rosette Arri<\/li>\n<li>Plateau de montage multi trous<\/li>\n<li>Application Caman pour param\u00e9trer les r\u00e9glages<\/li>\n<\/ul>\n<div class=\"wp-block-button\"><a class=\"wp-block-button__link wp-element-button\" href=\"\/fr\/caman-la-poignee-professionnelle-pour-camera\/\" target=\"_blank\" rel=\"noopener\">En savoir plus<\/a><\/div>\n<p><em>* : voir sp\u00e9cifications techniques plus bas<br \/>\n<\/em><\/p>\n","protected":false},"featured_media":9521,"template":"","meta":{"inline_featured_image":false},"product_brand":[],"product_cat":[345],"product_tag":[],"class_list":{"0":"post-9400","1":"product","2":"type-product","3":"status-publish","4":"has-post-thumbnail","6":"product_cat-caman-fr","8":"first","9":"instock","10":"sale","11":"taxable","12":"shipping-taxable","13":"purchasable","14":"product-type-simple"},"bundled_by":[],"bundle_stock_status":"instock","bundle_stock_quantity":null,"bundle_virtual":false,"bundle_layout":"","bundle_add_to_cart_form_location":"","bundle_editable_in_cart":false,"bundle_sold_individually_context":"","bundle_item_grouping":"","bundle_min_size":"","bundle_max_size":"","bundle_price":[],"bundled_items":[],"bundle_sell_ids":[9524,9525,904],"yoast_head":"<!-- This site is optimized with the Yoast SEO Premium plugin v26.4 (Yoast SEO v26.4) - https:\/\/yoast.com\/wordpress\/plugins\/seo\/ -->\n<title>Caman S GRIP PRO | Equipement cam\u00e9ra professionnel<\/title>\n<meta name=\"description\" content=\"Gagnez en confort et acc\u00e9dez \u00e0 toutes les fonctions cam\u00e9ra disponibles avec cette poign\u00e9e de commande programmable, bras articul\u00e9 et plaque de montage\" \/>\n<meta name=\"robots\" content=\"index, follow, max-snippet:-1, max-image-preview:large, max-video-preview:-1\" \/>\n<link rel=\"canonical\" href=\"https:\/\/www.caman.swiss\/fr\/shop\/s-grip-pro-poignee-de-controle-pour-camera-cinema-lanc\/\" \/>\n<meta property=\"og:locale\" content=\"fr_FR\" \/>\n<meta property=\"og:type\" content=\"article\" \/>\n<meta property=\"og:title\" content=\"S GRIP PRO | Equipement cam\u00e9ra professionnel\" \/>\n<meta property=\"og:description\" content=\"Acc\u00e9dez facilement aux fonctions de votre cam\u00e9ra avec cette poign\u00e9e de commande personnalisable et intelligente pour cam\u00e9raman et chef op\u00e9rateur\" \/>\n<meta property=\"og:url\" content=\"https:\/\/www.caman.swiss\/fr\/shop\/s-grip-pro-poignee-de-controle-pour-camera-cinema-lanc\/\" \/>\n<meta property=\"og:site_name\" content=\"Caman\" \/>\n<meta property=\"article:publisher\" content=\"https:\/\/www.facebook.com\/Caman.Swiss\" \/>\n<meta property=\"article:modified_time\" content=\"2023-09-26T15:10:56+00:00\" \/>\n<meta property=\"og:image\" content=\"https:\/\/www.caman.swiss\/wp-content\/uploads\/2022\/11\/S-RIG-PRO-content.jpg\" \/>\n\t<meta property=\"og:image:width\" content=\"1200\" \/>\n\t<meta property=\"og:image:height\" content=\"1200\" \/>\n\t<meta property=\"og:image:type\" content=\"image\/jpeg\" \/>\n<meta name=\"twitter:card\" content=\"summary_large_image\" \/>\n<meta name=\"twitter:title\" content=\"S GRIP PRO\" \/>\n<meta name=\"twitter:description\" content=\"Acc\u00e8s \u00e0 toutes les fonctions cam\u00e9ra disponibles  Boutons et joystick sensibles \u00e0 la pression  Syst\u00e8me d&#039;ajustement des boutons brevet\u00e9  Fonctionnalit\u00e9s personnalisables  Rev\u00eatement silicone multicouches  Forme ergonomique  IP66 - R\u00e9sistance aux poussi\u00e8res et jets d&#039;eau  Connexion filaire robuste et fiable  Compatibilit\u00e9 avec les cam\u00e9ras LANC*  Module \u00e9lectronique avec technologie Caman  Bras de fixation avec rosette Arri  Plateau de montage multi trous  Application Caman pour param\u00e9trer les r\u00e9glages  En savoir plus * : voir sp\u00e9cifications techniques plus bas\" \/>\n<meta name=\"twitter:site\" content=\"@CamanSwiss\" \/>\n<script type=\"application\/ld+json\" class=\"yoast-schema-graph\">{\"@context\":\"https:\/\/schema.org\",\"@graph\":[{\"@type\":\"WebPage\",\"@id\":\"https:\/\/www.caman.swiss\/fr\/shop\/s-grip-pro-poignee-de-controle-pour-camera-cinema-lanc\/\",\"url\":\"https:\/\/www.caman.swiss\/fr\/shop\/s-grip-pro-poignee-de-controle-pour-camera-cinema-lanc\/\",\"name\":\"Caman S GRIP PRO | Equipement cam\u00e9ra professionnel\",\"isPartOf\":{\"@id\":\"https:\/\/www.caman.swiss\/fr\/#website\"},\"primaryImageOfPage\":{\"@id\":\"https:\/\/www.caman.swiss\/fr\/shop\/s-grip-pro-poignee-de-controle-pour-camera-cinema-lanc\/#primaryimage\"},\"image\":{\"@id\":\"https:\/\/www.caman.swiss\/fr\/shop\/s-grip-pro-poignee-de-controle-pour-camera-cinema-lanc\/#primaryimage\"},\"thumbnailUrl\":\"https:\/\/www.caman.swiss\/wp-content\/uploads\/2022\/11\/S-RIG-PRO-content.jpg\",\"datePublished\":\"2022-11-17T07:59:37+00:00\",\"dateModified\":\"2023-09-26T15:10:56+00:00\",\"description\":\"Gagnez en confort et acc\u00e9dez \u00e0 toutes les fonctions cam\u00e9ra disponibles avec cette poign\u00e9e de commande programmable, bras articul\u00e9 et plaque de montage\",\"breadcrumb\":{\"@id\":\"https:\/\/www.caman.swiss\/fr\/shop\/s-grip-pro-poignee-de-controle-pour-camera-cinema-lanc\/#breadcrumb\"},\"inLanguage\":\"fr-FR\",\"potentialAction\":[{\"@type\":\"ReadAction\",\"target\":[\"https:\/\/www.caman.swiss\/fr\/shop\/s-grip-pro-poignee-de-controle-pour-camera-cinema-lanc\/\"]}]},{\"@type\":\"ImageObject\",\"inLanguage\":\"fr-FR\",\"@id\":\"https:\/\/www.caman.swiss\/fr\/shop\/s-grip-pro-poignee-de-controle-pour-camera-cinema-lanc\/#primaryimage\",\"url\":\"https:\/\/www.caman.swiss\/wp-content\/uploads\/2022\/11\/S-RIG-PRO-content.jpg\",\"contentUrl\":\"https:\/\/www.caman.swiss\/wp-content\/uploads\/2022\/11\/S-RIG-PRO-content.jpg\",\"width\":1200,\"height\":1200,\"caption\":\"Poign\u00e9e de contr\u00f4le cam\u00e9ra, module \u00e9lectronique et plateau de montage cam\u00e9ra\"},{\"@type\":\"BreadcrumbList\",\"@id\":\"https:\/\/www.caman.swiss\/fr\/shop\/s-grip-pro-poignee-de-controle-pour-camera-cinema-lanc\/#breadcrumb\",\"itemListElement\":[{\"@type\":\"ListItem\",\"position\":1,\"name\":\"Accueil\",\"item\":\"https:\/\/www.caman.swiss\/fr\/\"},{\"@type\":\"ListItem\",\"position\":2,\"name\":\"Shop\",\"item\":\"https:\/\/www.caman.swiss\/shop\/\"},{\"@type\":\"ListItem\",\"position\":3,\"name\":\"S GRIP PRO\"}]},{\"@type\":\"WebSite\",\"@id\":\"https:\/\/www.caman.swiss\/fr\/#website\",\"url\":\"https:\/\/www.caman.swiss\/fr\/\",\"name\":\"Caman.Swiss\",\"description\":\"Handle it!\",\"publisher\":{\"@id\":\"https:\/\/www.caman.swiss\/fr\/#organization\"},\"potentialAction\":[{\"@type\":\"SearchAction\",\"target\":{\"@type\":\"EntryPoint\",\"urlTemplate\":\"https:\/\/www.caman.swiss\/fr\/?s={search_term_string}\"},\"query-input\":{\"@type\":\"PropertyValueSpecification\",\"valueRequired\":true,\"valueName\":\"search_term_string\"}}],\"inLanguage\":\"fr-FR\"},{\"@type\":\"Organization\",\"@id\":\"https:\/\/www.caman.swiss\/fr\/#organization\",\"name\":\"Caman.Swiss\",\"alternateName\":\"CameraTools Ltd (Switzerland)\",\"url\":\"https:\/\/www.caman.swiss\/fr\/\",\"logo\":{\"@type\":\"ImageObject\",\"inLanguage\":\"fr-FR\",\"@id\":\"https:\/\/www.caman.swiss\/fr\/#\/schema\/logo\/image\/\",\"url\":\"https:\/\/www.caman.swiss\/wp-content\/uploads\/2022\/12\/Logo_Caman_noir_137px.svg\",\"contentUrl\":\"https:\/\/www.caman.swiss\/wp-content\/uploads\/2022\/12\/Logo_Caman_noir_137px.svg\",\"width\":\"1024\",\"height\":\"1024\",\"caption\":\"Caman.Swiss\"},\"image\":{\"@id\":\"https:\/\/www.caman.swiss\/fr\/#\/schema\/logo\/image\/\"},\"sameAs\":[\"https:\/\/www.facebook.com\/Caman.Swiss\",\"https:\/\/x.com\/CamanSwiss\",\"https:\/\/www.instagram.com\/Caman.Swiss\",\"https:\/\/www.linkedin.com\/company\/caman-swiss\/\",\"https:\/\/www.youtube.com\/channel\/UCMdqKvS3KJMB_f0sCmLTikg\"]}]}<\/script>\n<!-- \/ Yoast SEO Premium plugin. -->","yoast_head_json":{"title":"Caman S GRIP PRO | Equipement cam\u00e9ra professionnel","description":"Gagnez en confort et acc\u00e9dez \u00e0 toutes les fonctions cam\u00e9ra disponibles avec cette poign\u00e9e de commande programmable, bras articul\u00e9 et plaque de montage","robots":{"index":"index","follow":"follow","max-snippet":"max-snippet:-1","max-image-preview":"max-image-preview:large","max-video-preview":"max-video-preview:-1"},"canonical":"https:\/\/www.caman.swiss\/fr\/shop\/s-grip-pro-poignee-de-controle-pour-camera-cinema-lanc\/","og_locale":"fr_FR","og_type":"article","og_title":"S GRIP PRO | Equipement cam\u00e9ra professionnel","og_description":"Acc\u00e9dez facilement aux fonctions de votre cam\u00e9ra avec cette poign\u00e9e de commande personnalisable et intelligente pour cam\u00e9raman et chef op\u00e9rateur","og_url":"https:\/\/www.caman.swiss\/fr\/shop\/s-grip-pro-poignee-de-controle-pour-camera-cinema-lanc\/","og_site_name":"Caman","article_publisher":"https:\/\/www.facebook.com\/Caman.Swiss","article_modified_time":"2023-09-26T15:10:56+00:00","og_image":[{"width":1200,"height":1200,"url":"https:\/\/www.caman.swiss\/wp-content\/uploads\/2022\/11\/S-RIG-PRO-content.jpg","type":"image\/jpeg"}],"twitter_card":"summary_large_image","twitter_title":"S GRIP PRO","twitter_description":"Acc\u00e8s \u00e0 toutes les fonctions cam\u00e9ra disponibles  Boutons et joystick sensibles \u00e0 la pression  Syst\u00e8me d'ajustement des boutons brevet\u00e9  Fonctionnalit\u00e9s personnalisables  Rev\u00eatement silicone multicouches  Forme ergonomique  IP66 - R\u00e9sistance aux poussi\u00e8res et jets d'eau  Connexion filaire robuste et fiable  Compatibilit\u00e9 avec les cam\u00e9ras LANC*  Module \u00e9lectronique avec technologie Caman  Bras de fixation avec rosette Arri  Plateau de montage multi trous  Application Caman pour param\u00e9trer les r\u00e9glages  En savoir plus * : voir sp\u00e9cifications techniques plus bas","twitter_site":"@CamanSwiss","schema":{"@context":"https:\/\/schema.org","@graph":[{"@type":"WebPage","@id":"https:\/\/www.caman.swiss\/fr\/shop\/s-grip-pro-poignee-de-controle-pour-camera-cinema-lanc\/","url":"https:\/\/www.caman.swiss\/fr\/shop\/s-grip-pro-poignee-de-controle-pour-camera-cinema-lanc\/","name":"Caman S GRIP PRO | Equipement cam\u00e9ra professionnel","isPartOf":{"@id":"https:\/\/www.caman.swiss\/fr\/#website"},"primaryImageOfPage":{"@id":"https:\/\/www.caman.swiss\/fr\/shop\/s-grip-pro-poignee-de-controle-pour-camera-cinema-lanc\/#primaryimage"},"image":{"@id":"https:\/\/www.caman.swiss\/fr\/shop\/s-grip-pro-poignee-de-controle-pour-camera-cinema-lanc\/#primaryimage"},"thumbnailUrl":"https:\/\/www.caman.swiss\/wp-content\/uploads\/2022\/11\/S-RIG-PRO-content.jpg","datePublished":"2022-11-17T07:59:37+00:00","dateModified":"2023-09-26T15:10:56+00:00","description":"Gagnez en confort et acc\u00e9dez \u00e0 toutes les fonctions cam\u00e9ra disponibles avec cette poign\u00e9e de commande programmable, bras articul\u00e9 et plaque de montage","breadcrumb":{"@id":"https:\/\/www.caman.swiss\/fr\/shop\/s-grip-pro-poignee-de-controle-pour-camera-cinema-lanc\/#breadcrumb"},"inLanguage":"fr-FR","potentialAction":[{"@type":"ReadAction","target":["https:\/\/www.caman.swiss\/fr\/shop\/s-grip-pro-poignee-de-controle-pour-camera-cinema-lanc\/"]}]},{"@type":"ImageObject","inLanguage":"fr-FR","@id":"https:\/\/www.caman.swiss\/fr\/shop\/s-grip-pro-poignee-de-controle-pour-camera-cinema-lanc\/#primaryimage","url":"https:\/\/www.caman.swiss\/wp-content\/uploads\/2022\/11\/S-RIG-PRO-content.jpg","contentUrl":"https:\/\/www.caman.swiss\/wp-content\/uploads\/2022\/11\/S-RIG-PRO-content.jpg","width":1200,"height":1200,"caption":"Poign\u00e9e de contr\u00f4le cam\u00e9ra, module \u00e9lectronique et plateau de montage cam\u00e9ra"},{"@type":"BreadcrumbList","@id":"https:\/\/www.caman.swiss\/fr\/shop\/s-grip-pro-poignee-de-controle-pour-camera-cinema-lanc\/#breadcrumb","itemListElement":[{"@type":"ListItem","position":1,"name":"Accueil","item":"https:\/\/www.caman.swiss\/fr\/"},{"@type":"ListItem","position":2,"name":"Shop","item":"https:\/\/www.caman.swiss\/shop\/"},{"@type":"ListItem","position":3,"name":"S GRIP PRO"}]},{"@type":"WebSite","@id":"https:\/\/www.caman.swiss\/fr\/#website","url":"https:\/\/www.caman.swiss\/fr\/","name":"Caman.Swiss","description":"Handle it!","publisher":{"@id":"https:\/\/www.caman.swiss\/fr\/#organization"},"potentialAction":[{"@type":"SearchAction","target":{"@type":"EntryPoint","urlTemplate":"https:\/\/www.caman.swiss\/fr\/?s={search_term_string}"},"query-input":{"@type":"PropertyValueSpecification","valueRequired":true,"valueName":"search_term_string"}}],"inLanguage":"fr-FR"},{"@type":"Organization","@id":"https:\/\/www.caman.swiss\/fr\/#organization","name":"Caman.Swiss","alternateName":"CameraTools Ltd (Switzerland)","url":"https:\/\/www.caman.swiss\/fr\/","logo":{"@type":"ImageObject","inLanguage":"fr-FR","@id":"https:\/\/www.caman.swiss\/fr\/#\/schema\/logo\/image\/","url":"https:\/\/www.caman.swiss\/wp-content\/uploads\/2022\/12\/Logo_Caman_noir_137px.svg","contentUrl":"https:\/\/www.caman.swiss\/wp-content\/uploads\/2022\/12\/Logo_Caman_noir_137px.svg","width":"1024","height":"1024","caption":"Caman.Swiss"},"image":{"@id":"https:\/\/www.caman.swiss\/fr\/#\/schema\/logo\/image\/"},"sameAs":["https:\/\/www.facebook.com\/Caman.Swiss","https:\/\/x.com\/CamanSwiss","https:\/\/www.instagram.com\/Caman.Swiss","https:\/\/www.linkedin.com\/company\/caman-swiss\/","https:\/\/www.youtube.com\/channel\/UCMdqKvS3KJMB_f0sCmLTikg"]}]}},"_links":{"self":[{"href":"https:\/\/www.caman.swiss\/fr\/wp-json\/wp\/v2\/product\/9400","targetHints":{"allow":["GET"]}}],"collection":[{"href":"https:\/\/www.caman.swiss\/fr\/wp-json\/wp\/v2\/product"}],"about":[{"href":"https:\/\/www.caman.swiss\/fr\/wp-json\/wp\/v2\/types\/product"}],"wp:featuredmedia":[{"embeddable":true,"href":"https:\/\/www.caman.swiss\/fr\/wp-json\/wp\/v2\/media\/9521"}],"wp:attachment":[{"href":"https:\/\/www.caman.swiss\/fr\/wp-json\/wp\/v2\/media?parent=9400"}],"wp:term":[{"taxonomy":"product_brand","embeddable":true,"href":"https:\/\/www.caman.swiss\/fr\/wp-json\/wp\/v2\/product_brand?post=9400"},{"taxonomy":"product_cat","embeddable":true,"href":"https:\/\/www.caman.swiss\/fr\/wp-json\/wp\/v2\/product_cat?post=9400"},{"taxonomy":"product_tag","embeddable":true,"href":"https:\/\/www.caman.swiss\/fr\/wp-json\/wp\/v2\/product_tag?post=9400"}],"curies":[{"name":"wp","href":"https:\/\/api.w.org\/{rel}","templated":true}]}}