{"id":8342,"date":"2020-05-06T16:49:54","date_gmt":"2020-05-06T14:49:54","guid":{"rendered":"https:\/\/www.caman.swiss\/contact\/"},"modified":"2025-10-06T10:33:31","modified_gmt":"2025-10-06T08:33:31","slug":"contact","status":"publish","type":"page","link":"https:\/\/www.caman.swiss\/fr\/contact\/","title":{"rendered":"Contactez-nous"},"content":{"rendered":"\n<h1 class=\"wp-block-heading section-title\" id=\"h-contact\"><span>Contact<\/span><\/h1>\n<div class=\"wp-bootstrap-blocks-row row\">\n\t\n\n<div class=\"col-12 col-md-2\">\n\t\t\t\t<\/div>\n\n\n\n<div class=\"col-12 col-md-8\">\n\t\t\t\n\n<p>Il est essentiel pour nous de garantir une relation de qualit\u00e9 avec nos clients.<\/p>\n\n\n\n<p>Aussi, si vous avez des questions, vous pouvez remplir le formulaire ci-dessous ou nous contacter par email ou par t\u00e9l\u00e9phone.<\/p>\n\n\n\n<p>Nous nous r\u00e9jouissons de vous aider et vous apporter des r\u00e9ponses.<\/p>\n\n\n\n<p><p><img loading=\"lazy\" decoding=\"async\" class=\"alignnone  wp-image-524\" src=\"\/wp-content\/uploads\/2022\/12\/Logo_Caman_noir_137px.svg\" alt=\"\" width=\"134\" height=\"33\"\/><br\/>&#13;\n<strong>CameraTools Ltd (Suisse)<\/strong><br\/>&#13;\nRoute de la Conversion 271<br\/>&#13;\nCH-1093 La Conversion<\/p><\/p>\n\n\n\n<p><a href=\"tel:+41 21 324 00 74\">+41 21 324 00 74<\/a><br\/><a href=\"mailto:contact@caman.swiss\">contact [at] caman.swiss<\/a><br\/>www.caman.swiss<\/p>\n\n\n\n<p><p>N\u00b0 F\u00e9d, : <strong>CHE-114.153.047<\/strong><\/p><\/p>\n\n\t<\/div>\n\n\n\n<div class=\"col-12 col-md-2\">\n\t\t\t\t<\/div>\n\n<\/div>\n\n<div class=\"wp-block-group\"><div class=\"wp-block-group__inner-container is-layout-flow wp-block-group-is-layout-flow\">\n<div class=\"wp-block-group\"><div class=\"wp-block-group__inner-container is-layout-flow wp-block-group-is-layout-flow\">\n<iframe loading=\"lazy\" src=\"https:\/\/www.google.com\/maps\/embed?pb=!1m18!1m12!1m3!1d536899.5813416601!2d6.4229411241128345!3d46.52352275353364!2m3!1f0!2f0!3f0!3m2!1i1024!2i768!4f13.1!3m3!1m2!1s0x478c2f668ad3a293%3A0x7809e0d122ed21f!2sCaman!5e1!3m2!1sfr!2sfr!4v1588767857797!5m2!1sfr!2sfr\" style=\"border:0;\" allowfullscreen=\"\" aria-hidden=\"false\" tabindex=\"0\" width=\"100%\" height=\"500\" frameborder=\"0\"><\/iframe>\r\n<\/div><\/div>\n<\/div><\/div>\n","protected":false},"excerpt":{"rendered":"<p>Contact<\/p>\n","protected":false},"author":1,"featured_media":0,"parent":0,"menu_order":7,"comment_status":"closed","ping_status":"closed","template":"","meta":{"inline_featured_image":false,"footnotes":""},"class_list":["post-8342","page","type-page","status-publish","hentry"],"featured_image_src":null,"yoast_head":"<!-- This site is optimized with the Yoast SEO Premium plugin v26.4 (Yoast SEO v26.4) - https:\/\/yoast.com\/wordpress\/plugins\/seo\/ -->\n<title>Caman.Swiss : contactez-nous<\/title>\n<meta name=\"description\" content=\"Une id\u00e9e, une suggestion ou une question? Notre \u00e9quipe se r\u00e9jouit de vous r\u00e9pondre. Alors n&#039;h\u00e9sitez pas \u00e0 nous contacter!\" \/>\n<meta name=\"robots\" content=\"index, follow, max-snippet:-1, max-image-preview:large, max-video-preview:-1\" \/>\n<link rel=\"canonical\" href=\"https:\/\/www.caman.swiss\/fr\/contact\/\" \/>\n<meta property=\"og:locale\" content=\"fr_FR\" \/>\n<meta property=\"og:type\" content=\"article\" \/>\n<meta property=\"og:title\" content=\"Caman.Swiss : contactez-nous\" \/>\n<meta property=\"og:description\" content=\"Une id\u00e9e, une suggestion ou une question? Notre \u00e9quipe se r\u00e9jouit de vous r\u00e9pondre. Alors n&#039;h\u00e9sitez pas \u00e0 nous contacter!\" \/>\n<meta property=\"og:url\" content=\"https:\/\/www.caman.swiss\/fr\/contact\/\" \/>\n<meta property=\"og:site_name\" content=\"Caman\" \/>\n<meta property=\"article:publisher\" content=\"https:\/\/www.facebook.com\/Caman.Swiss\" \/>\n<meta property=\"article:modified_time\" content=\"2025-10-06T08:33:31+00:00\" \/>\n<meta property=\"og:image\" content=\"https:\/\/www.caman.swiss\/wp-content\/uploads\/2019\/08\/Vignette-Youtube-Caman-Presentation-3D-Final.jpg\" \/>\n\t<meta property=\"og:image:width\" content=\"2000\" \/>\n\t<meta property=\"og:image:height\" content=\"1125\" \/>\n\t<meta property=\"og:image:type\" content=\"image\/jpeg\" \/>\n<meta name=\"twitter:card\" content=\"summary_large_image\" \/>\n<meta name=\"twitter:title\" content=\"Contactez-nous\" \/>\n<meta name=\"twitter:description\" content=\"Contact Il est essentiel pour nous de garantir une relation de qualit\u00e9 avec nos clients. Aussi, si vous avez des questions, vous pouvez remplir le\" \/>\n<meta name=\"twitter:site\" content=\"@CamanSwiss\" \/>\n<script type=\"application\/ld+json\" class=\"yoast-schema-graph\">{\"@context\":\"https:\/\/schema.org\",\"@graph\":[{\"@type\":\"WebPage\",\"@id\":\"https:\/\/www.caman.swiss\/fr\/contact\/\",\"url\":\"https:\/\/www.caman.swiss\/fr\/contact\/\",\"name\":\"Caman.Swiss : contactez-nous\",\"isPartOf\":{\"@id\":\"https:\/\/www.caman.swiss\/fr\/#website\"},\"datePublished\":\"2020-05-06T14:49:54+00:00\",\"dateModified\":\"2025-10-06T08:33:31+00:00\",\"description\":\"Une id\u00e9e, une suggestion ou une question? Notre \u00e9quipe se r\u00e9jouit de vous r\u00e9pondre. Alors n'h\u00e9sitez pas \u00e0 nous contacter!\",\"breadcrumb\":{\"@id\":\"https:\/\/www.caman.swiss\/fr\/contact\/#breadcrumb\"},\"inLanguage\":\"fr-FR\",\"potentialAction\":[{\"@type\":\"ReadAction\",\"target\":[\"https:\/\/www.caman.swiss\/fr\/contact\/\"]}]},{\"@type\":\"BreadcrumbList\",\"@id\":\"https:\/\/www.caman.swiss\/fr\/contact\/#breadcrumb\",\"itemListElement\":[{\"@type\":\"ListItem\",\"position\":1,\"name\":\"Accueil\",\"item\":\"https:\/\/www.caman.swiss\/fr\/\"},{\"@type\":\"ListItem\",\"position\":2,\"name\":\"Contactez-nous\"}]},{\"@type\":\"WebSite\",\"@id\":\"https:\/\/www.caman.swiss\/fr\/#website\",\"url\":\"https:\/\/www.caman.swiss\/fr\/\",\"name\":\"Caman.Swiss\",\"description\":\"Handle it!\",\"publisher\":{\"@id\":\"https:\/\/www.caman.swiss\/fr\/#organization\"},\"potentialAction\":[{\"@type\":\"SearchAction\",\"target\":{\"@type\":\"EntryPoint\",\"urlTemplate\":\"https:\/\/www.caman.swiss\/fr\/?s={search_term_string}\"},\"query-input\":{\"@type\":\"PropertyValueSpecification\",\"valueRequired\":true,\"valueName\":\"search_term_string\"}}],\"inLanguage\":\"fr-FR\"},{\"@type\":\"Organization\",\"@id\":\"https:\/\/www.caman.swiss\/fr\/#organization\",\"name\":\"Caman.Swiss\",\"alternateName\":\"CameraTools Ltd (Switzerland)\",\"url\":\"https:\/\/www.caman.swiss\/fr\/\",\"logo\":{\"@type\":\"ImageObject\",\"inLanguage\":\"fr-FR\",\"@id\":\"https:\/\/www.caman.swiss\/fr\/#\/schema\/logo\/image\/\",\"url\":\"https:\/\/www.caman.swiss\/wp-content\/uploads\/2022\/12\/Logo_Caman_noir_137px.svg\",\"contentUrl\":\"https:\/\/www.caman.swiss\/wp-content\/uploads\/2022\/12\/Logo_Caman_noir_137px.svg\",\"width\":\"1024\",\"height\":\"1024\",\"caption\":\"Caman.Swiss\"},\"image\":{\"@id\":\"https:\/\/www.caman.swiss\/fr\/#\/schema\/logo\/image\/\"},\"sameAs\":[\"https:\/\/www.facebook.com\/Caman.Swiss\",\"https:\/\/x.com\/CamanSwiss\",\"https:\/\/www.instagram.com\/Caman.Swiss\",\"https:\/\/www.linkedin.com\/company\/caman-swiss\/\",\"https:\/\/www.youtube.com\/channel\/UCMdqKvS3KJMB_f0sCmLTikg\"]}]}<\/script>\n<!-- \/ Yoast SEO Premium plugin. -->","yoast_head_json":{"title":"Caman.Swiss : contactez-nous","description":"Une id\u00e9e, une suggestion ou une question? Notre \u00e9quipe se r\u00e9jouit de vous r\u00e9pondre. Alors n'h\u00e9sitez pas \u00e0 nous contacter!","robots":{"index":"index","follow":"follow","max-snippet":"max-snippet:-1","max-image-preview":"max-image-preview:large","max-video-preview":"max-video-preview:-1"},"canonical":"https:\/\/www.caman.swiss\/fr\/contact\/","og_locale":"fr_FR","og_type":"article","og_title":"Caman.Swiss : contactez-nous","og_description":"Une id\u00e9e, une suggestion ou une question? Notre \u00e9quipe se r\u00e9jouit de vous r\u00e9pondre. Alors n'h\u00e9sitez pas \u00e0 nous contacter!","og_url":"https:\/\/www.caman.swiss\/fr\/contact\/","og_site_name":"Caman","article_publisher":"https:\/\/www.facebook.com\/Caman.Swiss","article_modified_time":"2025-10-06T08:33:31+00:00","og_image":[{"width":2000,"height":1125,"url":"https:\/\/www.caman.swiss\/wp-content\/uploads\/2019\/08\/Vignette-Youtube-Caman-Presentation-3D-Final.jpg","type":"image\/jpeg"}],"twitter_card":"summary_large_image","twitter_title":"Contactez-nous","twitter_description":"Contact Il est essentiel pour nous de garantir une relation de qualit\u00e9 avec nos clients. Aussi, si vous avez des questions, vous pouvez remplir le","twitter_site":"@CamanSwiss","schema":{"@context":"https:\/\/schema.org","@graph":[{"@type":"WebPage","@id":"https:\/\/www.caman.swiss\/fr\/contact\/","url":"https:\/\/www.caman.swiss\/fr\/contact\/","name":"Caman.Swiss : contactez-nous","isPartOf":{"@id":"https:\/\/www.caman.swiss\/fr\/#website"},"datePublished":"2020-05-06T14:49:54+00:00","dateModified":"2025-10-06T08:33:31+00:00","description":"Une id\u00e9e, une suggestion ou une question? Notre \u00e9quipe se r\u00e9jouit de vous r\u00e9pondre. Alors n'h\u00e9sitez pas \u00e0 nous contacter!","breadcrumb":{"@id":"https:\/\/www.caman.swiss\/fr\/contact\/#breadcrumb"},"inLanguage":"fr-FR","potentialAction":[{"@type":"ReadAction","target":["https:\/\/www.caman.swiss\/fr\/contact\/"]}]},{"@type":"BreadcrumbList","@id":"https:\/\/www.caman.swiss\/fr\/contact\/#breadcrumb","itemListElement":[{"@type":"ListItem","position":1,"name":"Accueil","item":"https:\/\/www.caman.swiss\/fr\/"},{"@type":"ListItem","position":2,"name":"Contactez-nous"}]},{"@type":"WebSite","@id":"https:\/\/www.caman.swiss\/fr\/#website","url":"https:\/\/www.caman.swiss\/fr\/","name":"Caman.Swiss","description":"Handle it!","publisher":{"@id":"https:\/\/www.caman.swiss\/fr\/#organization"},"potentialAction":[{"@type":"SearchAction","target":{"@type":"EntryPoint","urlTemplate":"https:\/\/www.caman.swiss\/fr\/?s={search_term_string}"},"query-input":{"@type":"PropertyValueSpecification","valueRequired":true,"valueName":"search_term_string"}}],"inLanguage":"fr-FR"},{"@type":"Organization","@id":"https:\/\/www.caman.swiss\/fr\/#organization","name":"Caman.Swiss","alternateName":"CameraTools Ltd (Switzerland)","url":"https:\/\/www.caman.swiss\/fr\/","logo":{"@type":"ImageObject","inLanguage":"fr-FR","@id":"https:\/\/www.caman.swiss\/fr\/#\/schema\/logo\/image\/","url":"https:\/\/www.caman.swiss\/wp-content\/uploads\/2022\/12\/Logo_Caman_noir_137px.svg","contentUrl":"https:\/\/www.caman.swiss\/wp-content\/uploads\/2022\/12\/Logo_Caman_noir_137px.svg","width":"1024","height":"1024","caption":"Caman.Swiss"},"image":{"@id":"https:\/\/www.caman.swiss\/fr\/#\/schema\/logo\/image\/"},"sameAs":["https:\/\/www.facebook.com\/Caman.Swiss","https:\/\/x.com\/CamanSwiss","https:\/\/www.instagram.com\/Caman.Swiss","https:\/\/www.linkedin.com\/company\/caman-swiss\/","https:\/\/www.youtube.com\/channel\/UCMdqKvS3KJMB_f0sCmLTikg"]}]}},"_links":{"self":[{"href":"https:\/\/www.caman.swiss\/fr\/wp-json\/wp\/v2\/pages\/8342","targetHints":{"allow":["GET"]}}],"collection":[{"href":"https:\/\/www.caman.swiss\/fr\/wp-json\/wp\/v2\/pages"}],"about":[{"href":"https:\/\/www.caman.swiss\/fr\/wp-json\/wp\/v2\/types\/page"}],"author":[{"embeddable":true,"href":"https:\/\/www.caman.swiss\/fr\/wp-json\/wp\/v2\/users\/1"}],"replies":[{"embeddable":true,"href":"https:\/\/www.caman.swiss\/fr\/wp-json\/wp\/v2\/comments?post=8342"}],"version-history":[{"count":2,"href":"https:\/\/www.caman.swiss\/fr\/wp-json\/wp\/v2\/pages\/8342\/revisions"}],"predecessor-version":[{"id":10506,"href":"https:\/\/www.caman.swiss\/fr\/wp-json\/wp\/v2\/pages\/8342\/revisions\/10506"}],"wp:attachment":[{"href":"https:\/\/www.caman.swiss\/fr\/wp-json\/wp\/v2\/media?parent=8342"}],"curies":[{"name":"wp","href":"https:\/\/api.w.org\/{rel}","templated":true}]}}