{"id":109,"date":"2018-07-17T11:18:17","date_gmt":"2018-07-17T09:18:17","guid":{"rendered":"https:\/\/www.camera.tools\/?page_id=109"},"modified":"2022-12-16T15:58:57","modified_gmt":"2022-12-16T14:58:57","slug":"a-propos-de-cameratools-ltd-switzerland","status":"publish","type":"page","link":"https:\/\/www.caman.swiss\/fr\/a-propos-de-cameratools-ltd-switzerland\/","title":{"rendered":"\u00c0 propos"},"content":{"rendered":"\n<h1 class=\"section-title wp-block-heading\" id=\"h-caman\"><span class=\"title-container\">Caman<\/span><\/h1>\n\n\n<div class=\"wp-bootstrap-blocks-row row new-line g-0\">\n\t\n\n<div class=\"col-12 col-md-2\">\n\t\t\t\t<\/div>\n\n\n\n<div class=\"col-12 col-md-8\">\n\t\t\t\n\n<p class=\"catchphrase\">Caman est une marque de CameraTools Ltd, une entreprise suisse romande localis\u00e9e pr\u00e8s de Lausanne et active dans le milieu de l&rsquo;\u00e9quipement cam\u00e9ra.<\/p>\n\n\t<\/div>\n\n<\/div>\n\n\n<div class=\"wp-bootstrap-blocks-row row new-line g-0\">\n\t\n\n<div class=\"col-12 col-md-2 team-item\">\n\t\t\t\t<\/div>\n\n\n\n<div class=\"col-12 col-md-2 team-item\">\n\t\t\t\n\n<figure class=\"wp-block-image rounded team\"><img loading=\"lazy\" decoding=\"async\" width=\"300\" height=\"300\" src=\"https:\/\/www.caman.swiss\/wp-content\/uploads\/2019\/04\/Camille-Cottagnoud-300x300.jpg\" alt=\"\" class=\"wp-image-541\" srcset=\"https:\/\/www.caman.swiss\/wp-content\/uploads\/2019\/04\/Camille-Cottagnoud-300x300.jpg 300w, https:\/\/www.caman.swiss\/wp-content\/uploads\/2019\/04\/Camille-Cottagnoud-300x300-100x100.jpg 100w, https:\/\/www.caman.swiss\/wp-content\/uploads\/2019\/04\/Camille-Cottagnoud-300x300-150x150.jpg 150w\" sizes=\"auto, (max-width: 300px) 100vw, 300px\" \/><\/figure>\n\n\n\n<h2 class=\"wp-block-heading\" id=\"h-camille-cottagnoud\">Camille Cottagnoud<\/h2>\n\n\n\n<hr>\n\n\n\n<p><strong>Chef op\u00e9rateur ind\u00e9pendant<\/strong><br>Inventeur de la S GRIP PRO<\/p>\n\n\t<\/div>\n\n\n\n<div class=\"col-12 col-md-6 team-item\">\n\t\t\t\n\n<p class=\"has-medium-font-size\">Cher visiteur,<\/p>\n\n\n\n<p class=\"has-medium-font-size\">Je suis directeur de la photographie depuis plus de 30 ans dans le milieu du film documentaire.<\/p>\n\n\n\n<p class=\"has-medium-font-size\">Au fil des ann\u00e9es, j&rsquo;ai remarqu\u00e9 que je ne pouvais pas \u00eatre totalement concentr\u00e9 sur mon image, \u00e0 cause de l&rsquo;inconfort des poign\u00e9es classiques et de la n\u00e9cessit\u00e9 de r\u00e9guli\u00e8rement retirer mon oeil du viseur pour acc\u00e9der \u00e0 des fonctions directement sur la cam\u00e9ra.<\/p>\n\n\n\n<p class=\"has-medium-font-size\">C&rsquo;est pourquoi j&rsquo;ai eu l&rsquo;id\u00e9e de cr\u00e9er une poign\u00e9e de contr\u00f4le ergonomique qui serait totalement param\u00e9trable pour mieux correspondre aux besoins de l&rsquo;op\u00e9rateur, en terme de confort et d&rsquo;acc\u00e8s aux fonctions de la cam\u00e9ra.<\/p>\n\n\n\n<p class=\"has-medium-font-size\">Sous la marque Caman, je suis fier d&rsquo;avoir cr\u00e9\u00e9 la S GRIP PRO, qui a totalement chang\u00e9 la mani\u00e8re dont je filme et qui, je l&rsquo;esp\u00e8re sinc\u00e8rement, pourra vous apporter autant de solutions qu&rsquo;\u00e0 moi.<\/p>\n\n\t<\/div>\n\n<\/div>\n\n\n<div class=\"wp-bootstrap-blocks-row row new-line g-0\">\n\t\n\n<div class=\"col-12 col-md-2 team-item\">\n\t\t\t\t<\/div>\n\n\n\n<div class=\"col-12 col-md-2 team-item\">\n\t\t\t\n\n<figure class=\"wp-block-image rounded team\"><img loading=\"lazy\" decoding=\"async\" width=\"300\" height=\"300\" src=\"https:\/\/www.caman.swiss\/wp-content\/uploads\/2019\/04\/Sebastien-Angot-300x300.jpg\" alt=\"\" class=\"wp-image-550\" srcset=\"https:\/\/www.caman.swiss\/wp-content\/uploads\/2019\/04\/Sebastien-Angot-300x300.jpg 300w, https:\/\/www.caman.swiss\/wp-content\/uploads\/2019\/04\/Sebastien-Angot-300x300-100x100.jpg 100w, https:\/\/www.caman.swiss\/wp-content\/uploads\/2019\/04\/Sebastien-Angot-300x300-150x150.jpg 150w\" sizes=\"auto, (max-width: 300px) 100vw, 300px\" \/><\/figure>\n\n\n\n<h2 class=\"wp-block-heading\" id=\"h-sebastien-angot\">S\u00e9bastien Angot<\/h2>\n\n\n\n<hr>\n\n\n\n<p class=\"team-role\"><strong>CEO<\/strong><br>Ing\u00e9nieur informatique<\/p>\n\n\t<\/div>\n\n\n\n<div class=\"col-12 col-md-6 team-item\">\n\t\t\t\n\n<p class=\"has-medium-font-size\">Ing\u00e9nieur IT depuis plus de 10 ans, j&rsquo;ai toujours eu \u00e0 coeur d&rsquo;apporter des solutions innovantes pour optimiser les conditions de travail.<\/p>\n\n\n\n<p class=\"has-medium-font-size\">J&rsquo;ai eu le plaisir de rencontrer Camille qui m&rsquo;a fait confiance pour diriger son projet. Il conna\u00eet bien les contraintes du m\u00e9tier et ce fut un d\u00e9fi passionnant de cr\u00e9er ce nouvel outil avec lui.<\/p>\n\n\n\n<p class=\"has-medium-font-size\">J&rsquo;ai pu notamment g\u00e9rer le d\u00e9veloppement de la partie \u00e9lectronique et de l&rsquo;application Caman, qui offrent une toute nouvelle dimension en mati\u00e8re de contr\u00f4le de la cam\u00e9ra.<\/p>\n\n\n\n<p class=\"has-medium-font-size\">Si, au premier abord, la S GRIP PRO semble n&rsquo;\u00eatre qu&rsquo;une simple poign\u00e9e ergonomique, elle est en fait un vrai concentr\u00e9 d&rsquo;innovation, bien pens\u00e9e, fabriqu\u00e9e \u00e0 la main en Suisse avec des mat\u00e9riaux de qualit\u00e9.<\/p>\n\n\n\n<p class=\"has-medium-font-size\">Pour l&rsquo;avoir test\u00e9e sans aucune exp\u00e9rience de tournage, je peux dire que la S GRIP PRO est surprenante par sa simplicit\u00e9 d&rsquo;utilisation et permet d&rsquo;\u00eatre rapidement tr\u00e8s autonome et r\u00e9actif.<\/p>\n\n\t<\/div>\n\n<\/div>\n\n\n<div class=\"wp-bootstrap-blocks-row row new-line g-0\">\n\t\n\n<div class=\"col-12 col-md-2\">\n\t\t\t\t<\/div>\n\n\n\n<div class=\"col-12 col-md-8\">\n\t\t\t\n\n<figure class=\"wp-block-embed is-type-video is-provider-youtube wp-block-embed-youtube wp-embed-aspect-16-9 wp-has-aspect-ratio\"><div class=\"wp-block-embed__wrapper\">\n<iframe loading=\"lazy\" title=\"Caman : vers plus de confort et un meilleur contr\u00f4le de la cam\u00e9ra\" width=\"1120\" height=\"630\" src=\"https:\/\/www.youtube.com\/embed\/dP3uAa8FaHY?feature=oembed\" frameborder=\"0\" allow=\"accelerometer; autoplay; clipboard-write; encrypted-media; gyroscope; picture-in-picture\" allowfullscreen><\/iframe>\n<\/div><\/figure>\n\n\t<\/div>\n\n<\/div>\n\n\n\n<h1 class=\"has-text-align-center section-title wp-block-heading\" id=\"h-nos-valeurs\"><span class=\"title-container\">Nos valeurs<\/span><\/h1>\n\n\n<div class=\"wp-bootstrap-blocks-row row g-0\">\n\t\n\n<div class=\"col-12 col-md-3\">\n\t\t\t\n\n<h2 class=\"wp-block-heading\" id=\"h-trois-valeurs-fondamentales-de-caman\">Trois valeurs fondamentales de Caman<\/h2>\n\n\t<\/div>\n\n\n\n<div class=\"col-12 col-md-3\">\n\t\t\t\n\n<h2 class=\"wp-block-heading\" id=\"h-l-innovation\">L\u2019innovation<\/h2>\n\n\n\n<p>L\u2019innovation est le moteur de Caman. Notre ambition est de  permettre le d\u00e9veloppement d\u2019une nouvelle mani\u00e8re de filmer, qui soit plus confortable et intuitive. Pour atteindre ce but, nous avons adopt\u00e9 trois approches novatrices :<\/p>\n\n\n\n<ul class=\"wp-block-list\">\n<li>Notre poign\u00e9e est essentiellement fabriqu\u00e9e \u00e0 partir de pi\u00e8ces  imprim\u00e9es en 3D, qui permettent de r\u00e9aliser des formes complexes et tr\u00e8s  ergonomiques;<\/li>\n\n\n\n<li>Gr\u00e2ce \u00e0 son syst\u00e8me brevet\u00e9 de boutons-pression, la poign\u00e9e s\u2019adapte parfaitement \u00e0 la main du cam\u00e9raman;<\/li>\n\n\n\n<li>L\u2019efficacit\u00e9 au service du cam\u00e9raman \u00e9tant au centre de nos  pr\u00e9occupations, nous avons imagin\u00e9 un syst\u00e8me enti\u00e8rement programmable.<\/li>\n<\/ul>\n\n\t<\/div>\n\n\n\n<div class=\"col-12 col-md-3\">\n\t\t\t\n\n<h2 class=\"wp-block-heading\" id=\"h-le-swiss-made\">Le Swiss Made<\/h2>\n\n\n\n<p>La Suisse a d\u00e9velopp\u00e9 un savoir-faire de pointe dans la production \nd\u2019\u00e9l\u00e9ments m\u00e9caniques de pr\u00e9cision et dans la haute technologie. C\u2019est \ndonc logiquement que nous avons souhait\u00e9 utiliser ces comp\u00e9tences pour \nnos produits.<\/p>\n\n\n\n<p>La poign\u00e9e est produite \u00e0 la main et les autres \u00e9l\u00e9ments assembl\u00e9s en Suisse dans notre atelier. Nous avons une ma\u00eetrise parfaite de toutes les \u00e9tapes de sa fabrication.  Cela permet d\u2019avoir une approche \u00e0 la fois qualitative et responsable  sur les plans technique, \u00e9conomique et \u00e9cologique.<\/p>\n\n\t<\/div>\n\n\n\n<div class=\"col-12 col-md-3\">\n\t\t\t\n\n<h2 class=\"wp-block-heading\" id=\"h-la-proximite-client\">La proximit\u00e9 client<\/h2>\n\n\n\n<p>Parce que la satisfaction de nos clients est notre priorit\u00e9, nous souhaitons avancer main dans la main avec vous.<\/p>\n\n\n\n<p>Nous appr\u00e9cierions que vous partagiez avec nous vos exp\u00e9riences avec nos produits. Vos t\u00e9moignages sont pr\u00e9cieux, c&rsquo;est pourquoi notre \u00e9quipe se tient \u00e0 votre disposition pour r\u00e9pondre \u00e0 vos emails sous 24 heures, les jours ouvrables.<\/p>\n\n\t<\/div>\n\n<\/div>\n","protected":false},"excerpt":{"rendered":"<p>Caman Nos valeurs<\/p>\n","protected":false},"author":1,"featured_media":0,"parent":0,"menu_order":5,"comment_status":"closed","ping_status":"closed","template":"","meta":{"inline_featured_image":false,"footnotes":""},"class_list":["post-109","page","type-page","status-publish","hentry"],"featured_image_src":null,"yoast_head":"<!-- This site is optimized with the Yoast SEO Premium plugin v26.4 (Yoast SEO v26.4) - https:\/\/yoast.com\/wordpress\/plugins\/seo\/ -->\n<title>Poign\u00e9e t\u00e9l\u00e9commande Caman, l&#039;invention d&#039;un cam\u00e9raman suisse<\/title>\n<meta name=\"description\" content=\"Con\u00e7ue par un chef op\u00e9rateur professionnel, la poign\u00e9e Caman est d\u00e9velopp\u00e9e par la startup suisse CameraTools Ltd\" \/>\n<meta name=\"robots\" content=\"index, follow, max-snippet:-1, max-image-preview:large, max-video-preview:-1\" \/>\n<link rel=\"canonical\" href=\"https:\/\/www.caman.swiss\/fr\/a-propos-de-cameratools-ltd-switzerland\/\" \/>\n<meta property=\"og:locale\" content=\"fr_FR\" \/>\n<meta property=\"og:type\" content=\"article\" \/>\n<meta property=\"og:title\" content=\"Poign\u00e9e t\u00e9l\u00e9commande Caman, une invention suisse\" \/>\n<meta property=\"og:description\" content=\"Con\u00e7ue par un chef op\u00e9rateur professionnel, la poign\u00e9e Caman est d\u00e9velopp\u00e9e par la startup suisse CameraTools Ltd.\" \/>\n<meta property=\"og:url\" content=\"https:\/\/www.caman.swiss\/fr\/a-propos-de-cameratools-ltd-switzerland\/\" \/>\n<meta property=\"og:site_name\" content=\"Caman\" \/>\n<meta property=\"article:publisher\" content=\"https:\/\/www.facebook.com\/Caman.Swiss\" \/>\n<meta property=\"article:modified_time\" content=\"2022-12-16T14:58:57+00:00\" \/>\n<meta property=\"og:image\" content=\"https:\/\/www.caman.swiss\/wp-content\/uploads\/2019\/10\/about-caman-cameratools-switzerland-3D.jpg\" \/>\n\t<meta property=\"og:image:width\" content=\"1200\" \/>\n\t<meta property=\"og:image:height\" content=\"367\" \/>\n\t<meta property=\"og:image:type\" content=\"image\/jpeg\" \/>\n<meta name=\"twitter:card\" content=\"summary_large_image\" \/>\n<meta name=\"twitter:title\" content=\"\u00c0 propos\" \/>\n<meta name=\"twitter:description\" content=\"Caman Caman est une marque de CameraTools Ltd, une entreprise suisse romande localis\u00e9e pr\u00e8s de Lausanne et active dans le milieu de l&#039;\u00e9quipement cam\u00e9ra.\" \/>\n<meta name=\"twitter:site\" content=\"@CamanSwiss\" \/>\n<meta name=\"twitter:label1\" content=\"Dur\u00e9e de lecture estim\u00e9e\" \/>\n\t<meta name=\"twitter:data1\" content=\"3 minutes\" \/>\n<script type=\"application\/ld+json\" class=\"yoast-schema-graph\">{\"@context\":\"https:\/\/schema.org\",\"@graph\":[{\"@type\":\"WebPage\",\"@id\":\"https:\/\/www.caman.swiss\/fr\/a-propos-de-cameratools-ltd-switzerland\/\",\"url\":\"https:\/\/www.caman.swiss\/fr\/a-propos-de-cameratools-ltd-switzerland\/\",\"name\":\"Poign\u00e9e t\u00e9l\u00e9commande Caman, l'invention d'un cam\u00e9raman suisse\",\"isPartOf\":{\"@id\":\"https:\/\/www.caman.swiss\/fr\/#website\"},\"primaryImageOfPage\":{\"@id\":\"https:\/\/www.caman.swiss\/fr\/a-propos-de-cameratools-ltd-switzerland\/#primaryimage\"},\"image\":{\"@id\":\"https:\/\/www.caman.swiss\/fr\/a-propos-de-cameratools-ltd-switzerland\/#primaryimage\"},\"thumbnailUrl\":\"https:\/\/www.caman.swiss\/wp-content\/uploads\/2019\/04\/Camille-Cottagnoud-300x300.jpg\",\"datePublished\":\"2018-07-17T09:18:17+00:00\",\"dateModified\":\"2022-12-16T14:58:57+00:00\",\"description\":\"Con\u00e7ue par un chef op\u00e9rateur professionnel, la poign\u00e9e Caman est d\u00e9velopp\u00e9e par la startup suisse CameraTools Ltd\",\"breadcrumb\":{\"@id\":\"https:\/\/www.caman.swiss\/fr\/a-propos-de-cameratools-ltd-switzerland\/#breadcrumb\"},\"inLanguage\":\"fr-FR\",\"potentialAction\":[{\"@type\":\"ReadAction\",\"target\":[\"https:\/\/www.caman.swiss\/fr\/a-propos-de-cameratools-ltd-switzerland\/\"]}]},{\"@type\":\"ImageObject\",\"inLanguage\":\"fr-FR\",\"@id\":\"https:\/\/www.caman.swiss\/fr\/a-propos-de-cameratools-ltd-switzerland\/#primaryimage\",\"url\":\"https:\/\/www.caman.swiss\/wp-content\/uploads\/2019\/04\/Camille-Cottagnoud-300x300.jpg\",\"contentUrl\":\"https:\/\/www.caman.swiss\/wp-content\/uploads\/2019\/04\/Camille-Cottagnoud-300x300.jpg\"},{\"@type\":\"BreadcrumbList\",\"@id\":\"https:\/\/www.caman.swiss\/fr\/a-propos-de-cameratools-ltd-switzerland\/#breadcrumb\",\"itemListElement\":[{\"@type\":\"ListItem\",\"position\":1,\"name\":\"Accueil\",\"item\":\"https:\/\/www.caman.swiss\/fr\/\"},{\"@type\":\"ListItem\",\"position\":2,\"name\":\"\u00c0 propos\"}]},{\"@type\":\"WebSite\",\"@id\":\"https:\/\/www.caman.swiss\/fr\/#website\",\"url\":\"https:\/\/www.caman.swiss\/fr\/\",\"name\":\"Caman.Swiss\",\"description\":\"Handle it!\",\"publisher\":{\"@id\":\"https:\/\/www.caman.swiss\/fr\/#organization\"},\"potentialAction\":[{\"@type\":\"SearchAction\",\"target\":{\"@type\":\"EntryPoint\",\"urlTemplate\":\"https:\/\/www.caman.swiss\/fr\/?s={search_term_string}\"},\"query-input\":{\"@type\":\"PropertyValueSpecification\",\"valueRequired\":true,\"valueName\":\"search_term_string\"}}],\"inLanguage\":\"fr-FR\"},{\"@type\":\"Organization\",\"@id\":\"https:\/\/www.caman.swiss\/fr\/#organization\",\"name\":\"Caman.Swiss\",\"alternateName\":\"CameraTools Ltd (Switzerland)\",\"url\":\"https:\/\/www.caman.swiss\/fr\/\",\"logo\":{\"@type\":\"ImageObject\",\"inLanguage\":\"fr-FR\",\"@id\":\"https:\/\/www.caman.swiss\/fr\/#\/schema\/logo\/image\/\",\"url\":\"https:\/\/www.caman.swiss\/wp-content\/uploads\/2022\/12\/Logo_Caman_noir_137px.svg\",\"contentUrl\":\"https:\/\/www.caman.swiss\/wp-content\/uploads\/2022\/12\/Logo_Caman_noir_137px.svg\",\"width\":\"1024\",\"height\":\"1024\",\"caption\":\"Caman.Swiss\"},\"image\":{\"@id\":\"https:\/\/www.caman.swiss\/fr\/#\/schema\/logo\/image\/\"},\"sameAs\":[\"https:\/\/www.facebook.com\/Caman.Swiss\",\"https:\/\/x.com\/CamanSwiss\",\"https:\/\/www.instagram.com\/Caman.Swiss\",\"https:\/\/www.linkedin.com\/company\/caman-swiss\/\",\"https:\/\/www.youtube.com\/channel\/UCMdqKvS3KJMB_f0sCmLTikg\"]}]}<\/script>\n<!-- \/ Yoast SEO Premium plugin. -->","yoast_head_json":{"title":"Poign\u00e9e t\u00e9l\u00e9commande Caman, l'invention d'un cam\u00e9raman suisse","description":"Con\u00e7ue par un chef op\u00e9rateur professionnel, la poign\u00e9e Caman est d\u00e9velopp\u00e9e par la startup suisse CameraTools Ltd","robots":{"index":"index","follow":"follow","max-snippet":"max-snippet:-1","max-image-preview":"max-image-preview:large","max-video-preview":"max-video-preview:-1"},"canonical":"https:\/\/www.caman.swiss\/fr\/a-propos-de-cameratools-ltd-switzerland\/","og_locale":"fr_FR","og_type":"article","og_title":"Poign\u00e9e t\u00e9l\u00e9commande Caman, une invention suisse","og_description":"Con\u00e7ue par un chef op\u00e9rateur professionnel, la poign\u00e9e Caman est d\u00e9velopp\u00e9e par la startup suisse CameraTools Ltd.","og_url":"https:\/\/www.caman.swiss\/fr\/a-propos-de-cameratools-ltd-switzerland\/","og_site_name":"Caman","article_publisher":"https:\/\/www.facebook.com\/Caman.Swiss","article_modified_time":"2022-12-16T14:58:57+00:00","og_image":[{"width":1200,"height":367,"url":"https:\/\/www.caman.swiss\/wp-content\/uploads\/2019\/10\/about-caman-cameratools-switzerland-3D.jpg","type":"image\/jpeg"}],"twitter_card":"summary_large_image","twitter_title":"\u00c0 propos","twitter_description":"Caman Caman est une marque de CameraTools Ltd, une entreprise suisse romande localis\u00e9e pr\u00e8s de Lausanne et active dans le milieu de l'\u00e9quipement cam\u00e9ra.","twitter_site":"@CamanSwiss","twitter_misc":{"Dur\u00e9e de lecture estim\u00e9e":"3 minutes"},"schema":{"@context":"https:\/\/schema.org","@graph":[{"@type":"WebPage","@id":"https:\/\/www.caman.swiss\/fr\/a-propos-de-cameratools-ltd-switzerland\/","url":"https:\/\/www.caman.swiss\/fr\/a-propos-de-cameratools-ltd-switzerland\/","name":"Poign\u00e9e t\u00e9l\u00e9commande Caman, l'invention d'un cam\u00e9raman suisse","isPartOf":{"@id":"https:\/\/www.caman.swiss\/fr\/#website"},"primaryImageOfPage":{"@id":"https:\/\/www.caman.swiss\/fr\/a-propos-de-cameratools-ltd-switzerland\/#primaryimage"},"image":{"@id":"https:\/\/www.caman.swiss\/fr\/a-propos-de-cameratools-ltd-switzerland\/#primaryimage"},"thumbnailUrl":"https:\/\/www.caman.swiss\/wp-content\/uploads\/2019\/04\/Camille-Cottagnoud-300x300.jpg","datePublished":"2018-07-17T09:18:17+00:00","dateModified":"2022-12-16T14:58:57+00:00","description":"Con\u00e7ue par un chef op\u00e9rateur professionnel, la poign\u00e9e Caman est d\u00e9velopp\u00e9e par la startup suisse CameraTools Ltd","breadcrumb":{"@id":"https:\/\/www.caman.swiss\/fr\/a-propos-de-cameratools-ltd-switzerland\/#breadcrumb"},"inLanguage":"fr-FR","potentialAction":[{"@type":"ReadAction","target":["https:\/\/www.caman.swiss\/fr\/a-propos-de-cameratools-ltd-switzerland\/"]}]},{"@type":"ImageObject","inLanguage":"fr-FR","@id":"https:\/\/www.caman.swiss\/fr\/a-propos-de-cameratools-ltd-switzerland\/#primaryimage","url":"https:\/\/www.caman.swiss\/wp-content\/uploads\/2019\/04\/Camille-Cottagnoud-300x300.jpg","contentUrl":"https:\/\/www.caman.swiss\/wp-content\/uploads\/2019\/04\/Camille-Cottagnoud-300x300.jpg"},{"@type":"BreadcrumbList","@id":"https:\/\/www.caman.swiss\/fr\/a-propos-de-cameratools-ltd-switzerland\/#breadcrumb","itemListElement":[{"@type":"ListItem","position":1,"name":"Accueil","item":"https:\/\/www.caman.swiss\/fr\/"},{"@type":"ListItem","position":2,"name":"\u00c0 propos"}]},{"@type":"WebSite","@id":"https:\/\/www.caman.swiss\/fr\/#website","url":"https:\/\/www.caman.swiss\/fr\/","name":"Caman.Swiss","description":"Handle it!","publisher":{"@id":"https:\/\/www.caman.swiss\/fr\/#organization"},"potentialAction":[{"@type":"SearchAction","target":{"@type":"EntryPoint","urlTemplate":"https:\/\/www.caman.swiss\/fr\/?s={search_term_string}"},"query-input":{"@type":"PropertyValueSpecification","valueRequired":true,"valueName":"search_term_string"}}],"inLanguage":"fr-FR"},{"@type":"Organization","@id":"https:\/\/www.caman.swiss\/fr\/#organization","name":"Caman.Swiss","alternateName":"CameraTools Ltd (Switzerland)","url":"https:\/\/www.caman.swiss\/fr\/","logo":{"@type":"ImageObject","inLanguage":"fr-FR","@id":"https:\/\/www.caman.swiss\/fr\/#\/schema\/logo\/image\/","url":"https:\/\/www.caman.swiss\/wp-content\/uploads\/2022\/12\/Logo_Caman_noir_137px.svg","contentUrl":"https:\/\/www.caman.swiss\/wp-content\/uploads\/2022\/12\/Logo_Caman_noir_137px.svg","width":"1024","height":"1024","caption":"Caman.Swiss"},"image":{"@id":"https:\/\/www.caman.swiss\/fr\/#\/schema\/logo\/image\/"},"sameAs":["https:\/\/www.facebook.com\/Caman.Swiss","https:\/\/x.com\/CamanSwiss","https:\/\/www.instagram.com\/Caman.Swiss","https:\/\/www.linkedin.com\/company\/caman-swiss\/","https:\/\/www.youtube.com\/channel\/UCMdqKvS3KJMB_f0sCmLTikg"]}]}},"_links":{"self":[{"href":"https:\/\/www.caman.swiss\/fr\/wp-json\/wp\/v2\/pages\/109","targetHints":{"allow":["GET"]}}],"collection":[{"href":"https:\/\/www.caman.swiss\/fr\/wp-json\/wp\/v2\/pages"}],"about":[{"href":"https:\/\/www.caman.swiss\/fr\/wp-json\/wp\/v2\/types\/page"}],"author":[{"embeddable":true,"href":"https:\/\/www.caman.swiss\/fr\/wp-json\/wp\/v2\/users\/1"}],"replies":[{"embeddable":true,"href":"https:\/\/www.caman.swiss\/fr\/wp-json\/wp\/v2\/comments?post=109"}],"version-history":[{"count":0,"href":"https:\/\/www.caman.swiss\/fr\/wp-json\/wp\/v2\/pages\/109\/revisions"}],"wp:attachment":[{"href":"https:\/\/www.caman.swiss\/fr\/wp-json\/wp\/v2\/media?parent=109"}],"curies":[{"name":"wp","href":"https:\/\/api.w.org\/{rel}","templated":true}]}}